{"id":669,"date":"2015-07-29T13:44:44","date_gmt":"2015-07-29T13:44:44","guid":{"rendered":"https:\/\/optimus.qsandbox.com\/zqs\/qbcj\/site\/zakra-job-portal\/?page_id=4"},"modified":"2026-01-16T16:52:00","modified_gmt":"2026-01-16T16:52:00","slug":"home","status":"publish","type":"page","link":"https:\/\/guarinos83.fr\/","title":{"rendered":"Qui sommes nous"},"content":{"rendered":"\n<div class=\"alignfull blockart-section blockart-section-5481446e gradient-overlay alignfull\"><div class=\"blockart-overlay\"><\/div><div class=\"blockart-container-fluid\"><div class=\"blockart-section-inner blockart-height-fit-to-screen\">\n<div class=\"blockart-column blockart-column-cbcea884\"><div class=\"blockart-column-inner\"><\/div><\/div>\n\n\n\n<div class=\"blockart-column blockart-column-d0e29d0c\"><div class=\"blockart-column-inner\">\n<h1 class=\"blockart-heading blockart-heading-9eb7a075 is-small\">CABINET GUARINOS CONSULTANT<\/h1>\n\n\n\n<h6 class=\"blockart-heading blockart-heading-aaa88694 is-small\"> Expertise Comptable, Audit &amp; Conseil<\/h6>\n\n\n\n<div class=\"blockart-buttons blockart-buttons-7f8afb42 is-wrap is-horizontal justify-center\">\n<div class=\"blockart-button blockart-button-4925e56e \"><a class=\"blockart-button-link is-large is-style-link\"><\/a><\/div>\n<\/div>\n<\/div><\/div>\n\n\n\n<div class=\"blockart-column blockart-column-541642b3\"><div class=\"blockart-column-inner\"><\/div><\/div>\n<\/div><\/div><\/div>\n\n\n\n<div class=\"alignfull blockart-section blockart-section-208680a9 alignfull\"><div class=\"blockart-container\"><div class=\"blockart-section-inner\">\n<div class=\"blockart-column blockart-column-09158a7c\"><div class=\"blockart-column-inner\">\n<h3 class=\"blockart-heading blockart-heading-f327af8c\">Nos sp\u00e9cialit\u00e9s<\/h3>\n\n\n\n<div class=\"alignfull blockart-section blockart-section-fae3df1f alignfull\"><div class=\"blockart-container-fluid\"><div class=\"blockart-section-inner\">\n<div class=\"blockart-column blockart-column-75712457\"><div class=\"blockart-column-inner\">\n<figure class=\"blockart-image blockart-image-e942f833\"><img decoding=\"async\" class=\"wp-image-828 hover-effect-static filter-none mask mask-none\" src=\"https:\/\/guarinos83.fr\/wp-content\/uploads\/2025\/04\/baker_4670154.png\" alt=\"\"\/><\/figure>\n\n\n\n<h5 class=\"blockart-heading blockart-heading-cbd62b56\">Boulangerie<br><\/h5>\n\n\n<\/div><\/div>\n\n\n\n<div class=\"blockart-column blockart-column-7425daa3\"><div class=\"blockart-column-inner\">\n<figure class=\"blockart-image blockart-image-af826758\"><img loading=\"lazy\" decoding=\"async\" class=\"wp-image-146 hover-effect-static filter-none mask mask-none\" src=\"https:\/\/guarinos83.fr\/wp-content\/uploads\/2023\/09\/building-solid.png\" alt=\"\" height=\"50\" width=\"44\"\/><\/figure>\n\n\n\n<h5 class=\"blockart-heading blockart-heading-068a238f\">Secteur BTP<br><\/h5>\n\n\n<\/div><\/div>\n\n\n\n<div class=\"blockart-column blockart-column-ada045ba\"><div class=\"blockart-column-inner\">\n<figure class=\"blockart-image blockart-image-be08d040\"><img decoding=\"async\" class=\"wp-image-829 hover-effect-static filter-none mask mask-none\" src=\"https:\/\/guarinos83.fr\/wp-content\/uploads\/2025\/04\/restaurant_13500804.png\" alt=\"\"\/><\/figure>\n\n\n\n<h5 class=\"blockart-heading blockart-heading-ba702698\">Restauration<br><\/h5>\n\n\n<\/div><\/div>\n\n\n\n<div class=\"blockart-column blockart-column-223a3d18\"><div class=\"blockart-column-inner\">\n<figure class=\"blockart-image blockart-image-4db4a28c\"><img decoding=\"async\" class=\"wp-image-830 hover-effect-static filter-none mask mask-none\" src=\"https:\/\/guarinos83.fr\/wp-content\/uploads\/2025\/04\/teacher_5488881.png\" alt=\"\"\/><\/figure>\n\n\n\n<h5 class=\"blockart-heading blockart-heading-d9c9138d\">Artisans et Commer\u00e7ants\u00a0<\/h5>\n\n\n<\/div><\/div>\n<\/div><\/div><\/div>\n<\/div><\/div>\n\n\n\n<div class=\"blockart-buttons blockart-buttons-1f0b2e75 is-wrap\">\n<div class=\"blockart-button blockart-button-d734a6ba \"><a class=\"blockart-button-link is-large is-style-plain\"><\/a><\/div>\n<\/div>\n<\/div><\/div><\/div>\n\n\n\n<div class=\"alignfull blockart-section blockart-section-a4deaa34 alignfull\"><div class=\"blockart-overlay\"><\/div><div class=\"blockart-container\"><div class=\"blockart-section-inner\">\n<div class=\"blockart-column blockart-column-0dc93348\"><div class=\"blockart-column-inner\">\n<h3 class=\"blockart-heading blockart-heading-85cf0f63\"><strong>Un cabinet \u00e0 taille humaine, engag\u00e9 depuis plusieurs dizaines d\u2019ann\u00e9es aupr\u00e8s des entrepreneurs varois.<\/strong><\/h3>\n\n\n\n<h3 class=\"blockart-heading blockart-heading-d7c8f292 is-medium\">Notre force ? Une \u00e9quipe soud\u00e9e, stable et impliqu\u00e9e, qui conna\u00eet parfaitement chacun de ses dossiers. Nous accompagnons durablement les artisans, les commer\u00e7ants, les TPE et PME, avec des conseils personnalis\u00e9s et une grande disponibilit\u00e9.<\/h3>\n\n\n\n<h3 class=\"blockart-heading blockart-heading-075be7a6\"><strong>Fid\u00e9lit\u00e9, confiance et proximit\u00e9 sont les piliers de notre relation client.<\/strong><\/h3>\n<\/div><\/div>\n\n\n\n<div class=\"blockart-buttons blockart-buttons-6f4dfb35 is-wrap\"><\/div>\n\n\n\n<div class=\"blockart-buttons blockart-buttons-31489c61 is-wrap\"><\/div>\n\n\n\n<div class=\"blockart-buttons blockart-buttons-a2c670fe is-wrap\"><\/div>\n\n\n\n<div class=\"blockart-buttons blockart-buttons-df12fa15 is-wrap\"><\/div>\n<\/div><\/div><\/div>\n\n\n\n<div class=\"alignfull blockart-section blockart-section-ec5a5ae8 alignfull\"><div class=\"blockart-container\"><div class=\"blockart-section-inner\">\n<div class=\"blockart-column blockart-column-5bade83f\"><div class=\"blockart-column-inner\">\n<h3 class=\"blockart-heading blockart-heading-86f72ab0\">Prestations<\/h3>\n\n\n\n<p class=\"blockart-paragraph blockart-paragraph-6bb80aef\">Ma\u00eetrisez vos finances, s\u00e9curisez vos salari\u00e9s, d\u00e9veloppez votre entreprise. <br>Nous vous accompagnons dans chacun de vos besoins, \u00e0 chacune de vos \u00e9tapes.<\/p>\n\n\n\n<div class=\"alignfull blockart-section blockart-section-24d2107e alignfull\"><div class=\"blockart-container-fluid\"><div class=\"blockart-section-inner\">\n<div class=\"blockart-column blockart-column-1f802e56\"><div class=\"blockart-column-inner\">\n<figure class=\"blockart-image blockart-image-a3820f54\"><img loading=\"lazy\" decoding=\"async\" class=\"wp-image-664 hover-effect-static filter-none mask mask-none\" src=\"https:\/\/guarinos83.fr\/wp-content\/uploads\/2023\/10\/Account.jpg\" alt=\"\" height=\"1131\" width=\"1920\" srcset=\"https:\/\/guarinos83.fr\/wp-content\/uploads\/2023\/10\/Account.jpg 1920w, https:\/\/guarinos83.fr\/wp-content\/uploads\/2023\/10\/Account-300x177.jpg 300w, https:\/\/guarinos83.fr\/wp-content\/uploads\/2023\/10\/Account-1024x603.jpg 1024w, https:\/\/guarinos83.fr\/wp-content\/uploads\/2023\/10\/Account-768x452.jpg 768w, https:\/\/guarinos83.fr\/wp-content\/uploads\/2023\/10\/Account-1536x905.jpg 1536w\" sizes=\"auto, (max-width: 1920px) 100vw, 1920px\" \/><\/figure>\n\n\n\n<h5 class=\"blockart-heading blockart-heading-97cfcdbb\">Expertise comptable<\/h5>\n\n\n\n<p class=\"blockart-paragraph blockart-paragraph-288f5625\">Des comptes fiables, des d\u00e9cisions \u00e9clair\u00e9es : l\u2019expertise comptable au service de votre croissance.<\/p>\n\n\n\n<div class=\"wp-block-buttons is-layout-flex wp-block-buttons-is-layout-flex\">\n<div class=\"wp-block-button has-custom-width wp-block-button__width-50\"><a class=\"wp-block-button__link has-white-color has-cyan-bluish-gray-background-color has-text-color has-background has-link-color wp-element-button\" href=\"https:\/\/guarinos83.fr\/?page_id=1264\" style=\"padding-right:0px;padding-left:0px\">VOIR PLUS<\/a><\/div>\n<\/div>\n<\/div><\/div>\n\n\n\n<div class=\"blockart-column blockart-column-6e17fed4\"><div class=\"blockart-column-inner\">\n<figure class=\"blockart-image blockart-image-fceffdf0\"><img loading=\"lazy\" decoding=\"async\" width=\"1500\" height=\"986\" class=\"wp-image-2313 hover-effect-static filter-none mask mask-none\" src=\"https:\/\/guarinos83.fr\/wp-content\/uploads\/2025\/12\/photo-CONSEIL-EN-GESTION72.jpg\" alt=\"\" srcset=\"https:\/\/guarinos83.fr\/wp-content\/uploads\/2025\/12\/photo-CONSEIL-EN-GESTION72.jpg 1500w, https:\/\/guarinos83.fr\/wp-content\/uploads\/2025\/12\/photo-CONSEIL-EN-GESTION72-300x197.jpg 300w, https:\/\/guarinos83.fr\/wp-content\/uploads\/2025\/12\/photo-CONSEIL-EN-GESTION72-1024x673.jpg 1024w, https:\/\/guarinos83.fr\/wp-content\/uploads\/2025\/12\/photo-CONSEIL-EN-GESTION72-768x505.jpg 768w\" sizes=\"auto, (max-width: 1500px) 100vw, 1500px\" \/><\/figure>\n\n\n\n<h5 class=\"blockart-heading blockart-heading-32151d00\">Conseil en gestion<\/h5>\n\n\n\n<p class=\"blockart-paragraph blockart-paragraph-ae2444dd\">Des conseils \u00e9clair\u00e9s pour piloter, s\u00e9curiser et d\u00e9velopper votre entreprise en toute confiance.<\/p>\n\n\n\n<div class=\"wp-block-buttons is-layout-flex wp-block-buttons-is-layout-flex\">\n<div class=\"wp-block-button has-custom-width wp-block-button__width-50\"><a class=\"wp-block-button__link has-white-color has-cyan-bluish-gray-background-color has-text-color has-background has-link-color wp-element-button\" href=\"https:\/\/guarinos83.fr\/?page_id=2210\" style=\"padding-right:0px;padding-left:0px\">VOIR PLUS<\/a><\/div>\n<\/div>\n<\/div><\/div>\n\n\n\n<div class=\"blockart-column blockart-column-8b801afe\"><div class=\"blockart-column-inner\">\n<figure class=\"blockart-image blockart-image-f20026dd\"><img loading=\"lazy\" decoding=\"async\" class=\"wp-image-2347 hover-effect-static filter-none mask mask-none\" src=\"https:\/\/guarinos83.fr\/wp-content\/uploads\/2026\/01\/CONSEIL-JURIDIQUE.jpg\" alt=\"\" height=\"256\" width=\"520\" srcset=\"https:\/\/guarinos83.fr\/wp-content\/uploads\/2026\/01\/CONSEIL-JURIDIQUE.jpg 520w, https:\/\/guarinos83.fr\/wp-content\/uploads\/2026\/01\/CONSEIL-JURIDIQUE-300x148.jpg 300w\" sizes=\"auto, (max-width: 520px) 100vw, 520px\" \/><\/figure>\n\n\n\n<h5 class=\"blockart-heading blockart-heading-3aff41d0\">Gestion juridique<\/h5>\n\n\n\n<p class=\"blockart-paragraph blockart-paragraph-9a5ed1b2\">De la cr\u00e9ation au suivi juridique, nous prot\u00e9geons et p\u00e9rennisons votre entreprise.<\/p>\n\n\n\n<div class=\"wp-block-buttons is-layout-flex wp-block-buttons-is-layout-flex\">\n<div class=\"wp-block-button has-custom-width wp-block-button__width-50\"><a class=\"wp-block-button__link has-white-color has-cyan-bluish-gray-background-color has-text-color has-background has-link-color wp-element-button\" href=\"https:\/\/guarinos83.fr\/?page_id=2219\" style=\"padding-right:0px;padding-left:0px\">VOIR PLUS<\/a><\/div>\n<\/div>\n<\/div><\/div>\n<\/div><\/div><\/div>\n\n\n\n<div class=\"alignfull blockart-section blockart-section-af359c07 alignfull\"><div class=\"blockart-container-fluid\"><div class=\"blockart-section-inner\">\n<div class=\"blockart-column blockart-column-a32c8b39\"><div class=\"blockart-column-inner\">\n<figure class=\"blockart-image blockart-image-d4e27c40\"><img loading=\"lazy\" decoding=\"async\" width=\"625\" height=\"350\" class=\"wp-image-2349 hover-effect-static filter-none mask mask-none\" src=\"https:\/\/guarinos83.fr\/wp-content\/uploads\/2026\/01\/ADMINISTRATION-PERSONNELLE.jpg\" alt=\"\" srcset=\"https:\/\/guarinos83.fr\/wp-content\/uploads\/2026\/01\/ADMINISTRATION-PERSONNELLE.jpg 625w, https:\/\/guarinos83.fr\/wp-content\/uploads\/2026\/01\/ADMINISTRATION-PERSONNELLE-300x168.jpg 300w\" sizes=\"auto, (max-width: 625px) 100vw, 625px\" \/><\/figure>\n\n\n\n<h5 class=\"blockart-heading blockart-heading-c1e5de90\">Administration du personnel<\/h5>\n\n\n\n<p class=\"blockart-paragraph blockart-paragraph-e26a4cf3\">Vous accompagner pour une gestion de votre personnel optimale, telle est notre ambition, nos collaborateurs vous accompagneront de l\u2019entr\u00e9e jusqu\u2019\u00e0 la sortie de vos salari\u00e9s.<\/p>\n\n\n\n<div class=\"wp-block-buttons is-layout-flex wp-block-buttons-is-layout-flex\">\n<div class=\"wp-block-button has-custom-width wp-block-button__width-50\"><a class=\"wp-block-button__link has-white-color has-cyan-bluish-gray-background-color has-text-color has-background has-link-color wp-element-button\" href=\"https:\/\/guarinos83.fr\/?page_id=2231\" style=\"padding-right:0px;padding-left:0px\">VOIR PLUS<\/a><\/div>\n<\/div>\n<\/div><\/div>\n\n\n\n<div class=\"blockart-column blockart-column-d8b0b91a\"><div class=\"blockart-column-inner\">\n<figure class=\"blockart-image blockart-image-8b45d377\"><img loading=\"lazy\" decoding=\"async\" width=\"1024\" height=\"576\" class=\"wp-image-2330 hover-effect-static filter-none mask mask-none\" src=\"https:\/\/guarinos83.fr\/wp-content\/uploads\/2025\/12\/photo-GESTION-DE-PAIE-new72-1.jpeg\" alt=\"\" srcset=\"https:\/\/guarinos83.fr\/wp-content\/uploads\/2025\/12\/photo-GESTION-DE-PAIE-new72-1.jpeg 1024w, https:\/\/guarinos83.fr\/wp-content\/uploads\/2025\/12\/photo-GESTION-DE-PAIE-new72-1-300x169.jpeg 300w, https:\/\/guarinos83.fr\/wp-content\/uploads\/2025\/12\/photo-GESTION-DE-PAIE-new72-1-768x432.jpeg 768w\" sizes=\"auto, (max-width: 1024px) 100vw, 1024px\" \/><\/figure>\n\n\n\n<h5 class=\"blockart-heading blockart-heading-40ce2d94\">Gestion de la paie<\/h5>\n\n\n\n<p class=\"blockart-paragraph blockart-paragraph-8afd5966\">G\u00e9rer la paie en toute s\u00e9r\u00e9nit\u00e9 : conformit\u00e9, s\u00e9curit\u00e9 et accompagnement sur-mesure.<\/p>\n\n\n\n<div class=\"wp-block-buttons is-layout-flex wp-block-buttons-is-layout-flex\">\n<div class=\"wp-block-button has-custom-width wp-block-button__width-50\"><a class=\"wp-block-button__link has-white-color has-cyan-bluish-gray-background-color has-text-color has-background has-link-color wp-element-button\" href=\"https:\/\/guarinos83.fr\/?page_id=2228\" style=\"padding-right:0px;padding-left:0px\">VOIR PLUS<\/a><\/div>\n<\/div>\n<\/div><\/div>\n\n\n\n<div class=\"blockart-column blockart-column-65847201\"><div class=\"blockart-column-inner\">\n<figure class=\"blockart-image blockart-image-938b7020\"><img loading=\"lazy\" decoding=\"async\" class=\"wp-image-2183 hover-effect-static filter-none mask mask-none\" src=\"https:\/\/guarinos83.fr\/wp-content\/uploads\/2025\/12\/pour-page-droit-social72-scaled.jpg\" alt=\"\" height=\"1707\" width=\"2560\" srcset=\"https:\/\/guarinos83.fr\/wp-content\/uploads\/2025\/12\/pour-page-droit-social72-scaled.jpg 2560w, https:\/\/guarinos83.fr\/wp-content\/uploads\/2025\/12\/pour-page-droit-social72-300x200.jpg 300w, https:\/\/guarinos83.fr\/wp-content\/uploads\/2025\/12\/pour-page-droit-social72-1024x683.jpg 1024w, https:\/\/guarinos83.fr\/wp-content\/uploads\/2025\/12\/pour-page-droit-social72-768x512.jpg 768w, https:\/\/guarinos83.fr\/wp-content\/uploads\/2025\/12\/pour-page-droit-social72-1536x1024.jpg 1536w, https:\/\/guarinos83.fr\/wp-content\/uploads\/2025\/12\/pour-page-droit-social72-2048x1365.jpg 2048w\" sizes=\"auto, (max-width: 2560px) 100vw, 2560px\" \/><\/figure>\n\n\n\n<h5 class=\"blockart-heading blockart-heading-cf4b94db\">Droit social<\/h5>\n\n\n\n<p class=\"blockart-paragraph blockart-paragraph-0e064b38\">S\u00e9curisez vos relations avec vos salari\u00e9s gr\u00e2ce \u00e0 des proc\u00e9dures et actes juridiques fiables et conformes.<\/p>\n\n\n\n<div class=\"wp-block-buttons is-layout-flex wp-block-buttons-is-layout-flex\">\n<div class=\"wp-block-button has-custom-width wp-block-button__width-50\"><a class=\"wp-block-button__link has-white-color has-cyan-bluish-gray-background-color has-text-color has-background has-link-color wp-element-button\" href=\"https:\/\/guarinos83.fr\/?page_id=2239\" style=\"padding-right:0px;padding-left:0px\">VOIR PLUS<\/a><\/div>\n<\/div>\n<\/div><\/div>\n<\/div><\/div><\/div>\n<\/div><\/div>\n<\/div><\/div><\/div>\n\n\n\n<div class=\"alignfull blockart-section blockart-section-0b736dd7 alignfull\"><div class=\"blockart-overlay\"><\/div><div class=\"blockart-container\"><div class=\"blockart-section-inner\">\n<div class=\"blockart-column blockart-column-82bfd6ab\"><div class=\"blockart-column-inner\">\n<div class=\"wp-block-columns is-layout-flex wp-container-core-columns-is-layout-882aca6b wp-block-columns-is-layout-flex\" style=\"margin-top:10rem;margin-bottom:10rem\">\n<div class=\"wp-block-column is-layout-constrained wp-block-column-is-layout-constrained\" style=\"flex-basis:450px\">\n<h2 class=\"wp-block-heading has-white-color has-text-color has-link-color wp-elements-c6d5f6044d2f310a409eb483d63a5375\">Expertise comptable&nbsp;<br>Conseil en Gestion<\/h2>\n\n\n\n<p class=\"has-white-color has-text-color has-link-color wp-elements-55f20f8b88094d6396e5caaee1cd09c1\">Les comptes annuels ne sont pas une simple formalit\u00e9&nbsp;: ils sont une base solide pour piloter votre entreprise, anticiper et g\u00e9rer avec s\u00e9r\u00e9nit\u00e9. Notre \u00e9quipe exp\u00e9riment\u00e9e vous accompagne tout au long de l\u2019ann\u00e9e pour r\u00e9fl\u00e9chir et \u00e9changer sur vos points d\u2019am\u00e9liorations, vos points de s\u00e9curit\u00e9. Vous ne serez jamais seul face \u00e0 une interrogation, nous serons toujours l\u00e0 pour vous guider.<\/p>\n<\/div>\n\n\n\n<div class=\"wp-block-column is-layout-flow wp-block-column-is-layout-flow\" style=\"flex-basis:138px\"><\/div>\n\n\n\n<div class=\"wp-block-column is-layout-flow wp-block-column-is-layout-flow\" style=\"flex-basis:473px\">\n<h2 class=\"wp-block-heading has-white-color has-text-color has-link-color wp-elements-89dddea982713bd46407ecd218f54c27\">Gestion de paie<br>Administration du personnel<br>Droit social<\/h2>\n\n\n\n<p class=\"has-white-color has-text-color has-link-color wp-elements-556443eb92c481c8287b23b78dd90180\">Profitez d\u2019une solution de paie simple et adapt\u00e9e \u00e0 vos besoins. Nous vous accompagnons pour s\u00e9curiser les relations avec vos salari\u00e9s. Nous vous garantissons des proc\u00e9dures conformes \u00e0 la l\u00e9gislation en constante \u00e9volution.<\/p>\n\n\n\n<p><\/p>\n\n\n\n<p><\/p>\n<\/div>\n<\/div>\n<\/div><\/div>\n<\/div><\/div><\/div>\n\n\n\n<h2 class=\"blockart-heading blockart-heading-d0858ae2 is-medium\">Nos partenaires<\/h2>\n\n\n\n<p class=\"has-text-align-center\" style=\"border-top-color:#ffffff00;border-top-width:25px;border-right-color:#ffffff00;border-bottom-color:#ffffff00;border-left-color:#ffffff00\">Nous collaborons avec des partenaires de confiance pour vous offrir des solutions compl\u00e8tes et performantes, adapt\u00e9es \u00e0 vos besoins.<\/p>\n\n\n\n<div class=\"wp-block-columns alignfull are-vertically-aligned-top is-layout-flex wp-container-core-columns-is-layout-65eef5bf wp-block-columns-is-layout-flex\">\n<div class=\"wp-block-column is-vertically-aligned-top is-layout-flow wp-block-column-is-layout-flow\" style=\"flex-basis:100%\">\n<div class=\"alignfull blockart-section blockart-section-8a5d0e51 alignfull\"><div class=\"blockart-container\"><div class=\"blockart-section-inner\">\n<div class=\"blockart-column blockart-column-012cd685\"><div class=\"blockart-column-inner\">\n<div class=\"blockart-section blockart-section-3f3131b4\"><div class=\"blockart-container\"><div class=\"blockart-section-inner\">\n<div class=\"blockart-column blockart-column-e0c18794\"><div class=\"blockart-column-inner\">\n<p class=\"has-text-align-center has-background\" style=\"border-radius:3px;background-color:#a2bed5;padding-top:20px;padding-right:9px;padding-bottom:20px;padding-left:9px;font-size:15px\">Avocats de droit des affaires<\/p>\n\n\n\n<p class=\"has-text-align-center has-background\" style=\"border-radius:3px;background-color:#a2bed5;padding-top:20px;padding-right:9px;padding-bottom:20px;padding-left:9px;font-size:15px\">Avocats de droit social<\/p>\n<\/div><\/div>\n\n\n\n<div class=\"blockart-column blockart-column-b2bbfd43\"><div class=\"blockart-column-inner\">\n<p class=\"has-text-align-center has-background\" style=\"border-radius:3px;background-color:#a2bed5;padding-top:20px;padding-right:9px;padding-bottom:20px;padding-left:9px;font-size:15px\">Avocats en droit administratif &nbsp;<\/p>\n\n\n\n<p class=\"has-text-align-center has-background\" style=\"border-radius:3px;background-color:#a2bed5;padding-top:20px;padding-right:9px;padding-bottom:20px;padding-left:9px;font-size:15px\">Avocats fiscalistes<\/p>\n<\/div><\/div>\n<\/div><\/div><\/div>\n<\/div><\/div>\n<\/div><\/div><\/div>\n<\/div>\n<\/div>\n\n\n\n<p><\/p>\n","protected":false},"excerpt":{"rendered":"<p>Nous collaborons avec des partenaires de confiance pour vous offrir des solutions compl\u00e8tes et performantes, adapt\u00e9es \u00e0 vos besoins.<\/p>\n","protected":false},"author":1,"featured_media":0,"parent":0,"menu_order":0,"comment_status":"open","ping_status":"open","template":"page-templates\/pagebuilder.php","meta":{"zakra_sidebar_layout":"customizer","zakra_remove_content_margin":false,"zakra_sidebar":"customizer","zakra_transparent_header":"1","zakra_logo":0,"zakra_main_header_style":"default","zakra_menu_item_color":"#ffffff","zakra_menu_item_hover_color":"#ffffff","zakra_menu_item_active_color":"","zakra_menu_active_style":"style-2","zakra_page_header":true,"footnotes":""},"class_list":["post-669","page","type-page","status-publish","hentry"],"_links":{"self":[{"href":"https:\/\/guarinos83.fr\/index.php?rest_route=\/wp\/v2\/pages\/669","targetHints":{"allow":["GET"]}}],"collection":[{"href":"https:\/\/guarinos83.fr\/index.php?rest_route=\/wp\/v2\/pages"}],"about":[{"href":"https:\/\/guarinos83.fr\/index.php?rest_route=\/wp\/v2\/types\/page"}],"author":[{"embeddable":true,"href":"https:\/\/guarinos83.fr\/index.php?rest_route=\/wp\/v2\/users\/1"}],"replies":[{"embeddable":true,"href":"https:\/\/guarinos83.fr\/index.php?rest_route=%2Fwp%2Fv2%2Fcomments&post=669"}],"version-history":[{"count":241,"href":"https:\/\/guarinos83.fr\/index.php?rest_route=\/wp\/v2\/pages\/669\/revisions"}],"predecessor-version":[{"id":2364,"href":"https:\/\/guarinos83.fr\/index.php?rest_route=\/wp\/v2\/pages\/669\/revisions\/2364"}],"wp:attachment":[{"href":"https:\/\/guarinos83.fr\/index.php?rest_route=%2Fwp%2Fv2%2Fmedia&parent=669"}],"curies":[{"name":"wp","href":"https:\/\/api.w.org\/{rel}","templated":true}]}}