{"id":2239,"date":"2025-12-04T13:26:48","date_gmt":"2025-12-04T13:26:48","guid":{"rendered":"https:\/\/guarinos83.fr\/?page_id=2239"},"modified":"2026-01-14T12:05:56","modified_gmt":"2026-01-14T12:05:56","slug":"droit-social","status":"publish","type":"page","link":"https:\/\/guarinos83.fr\/?page_id=2239","title":{"rendered":"Droit social"},"content":{"rendered":"\n<div class=\"blockart-section blockart-section-741c1c3f\"><div class=\"blockart-container\"><div class=\"blockart-section-inner\">\n<div class=\"blockart-column blockart-column-dfa722f2\"><div class=\"blockart-column-inner\">\n<h6 class=\"blockart-heading blockart-heading-9a029d20\"> <strong>Droit social : s\u00e9curiser vos relations avec vos salari\u00e9s<\/strong><\/h6>\n\n\n\n<p class=\"blockart-paragraph blockart-paragraph-b2509ed8\">Le droit social repose sur des bases essentielles : l\u00e9gislation du travail, contrats, conventions collectives et droits syndicaux. Ces r\u00e8gles \u00e9voluent constamment, et il est crucial pour votre entreprise de rester conforme \u00e0 la l\u00e9gislation en vigueur tout en s\u00e9curisant vos relations avec vos salari\u00e9s. Nous vous accompagnons pour mettre en place des proc\u00e9dures et des actes juridiques fiables, adapt\u00e9s \u00e0 votre situation, afin de pr\u00e9venir les litiges et garantir la p\u00e9rennit\u00e9 de votre organisation.<br><br><strong>Nos missions\u00a0:<\/strong><\/p>\n\n\n\n<ul style=\"font-size:18px\" class=\"wp-block-list\">\n<li>Assurer la veille juridique et sociale.<\/li>\n\n\n\n<li>Garantir le respect du code du travail et de votre convention collective applicable.<\/li>\n\n\n\n<li>Audit de conformit\u00e9 des paies.<\/li>\n\n\n\n<li>Optimisation des co\u00fbts financiers.<\/li>\n\n\n\n<li>R\u00e9daction des actes juridiques jalonnant la vie du salari\u00e9 (sanctions disciplinaires, demande de justificatifs d\u2019absences\u2026).<\/li>\n\n\n\n<li>R\u00e9daction et\/ou suivi des proc\u00e9dures de rupture de contrat de travail (pr\u00e9somption de d\u00e9mission, rupture conventionnelle, licenciement en lien avec un avocat si n\u00e9cessaire).<\/li>\n\n\n\n<li>Affichages, registre obligatoire, r\u00e8glement int\u00e9rieur.<\/li>\n\n\n\n<li>Organisation des \u00e9lections du personnel.<\/li>\n\n\n\n<li>Favoriser au sein de votre entreprise un bon climat social.<\/li>\n\n\n\n<li>Conseil et suivi de l\u2019\u00e9pargne salariale.<\/li>\n\n\n\n<li>Mise en place de la prime de partage de la valeur.<\/li>\n\n\n\n<li>Accompagnement lors d\u2019un contr\u00f4le URSSAF, caisse de cong\u00e9s pay\u00e9s.<\/li>\n<\/ul>\n<\/div><\/div>\n<\/div><\/div><\/div>\n","protected":false},"excerpt":{"rendered":"","protected":false},"author":1,"featured_media":0,"parent":0,"menu_order":0,"comment_status":"closed","ping_status":"closed","template":"","meta":{"zakra_sidebar_layout":"customizer","zakra_remove_content_margin":false,"zakra_sidebar":"customizer","zakra_transparent_header":"0","zakra_logo":0,"zakra_main_header_style":"default","zakra_menu_item_color":"#ffffff","zakra_menu_item_hover_color":"","zakra_menu_item_active_color":"","zakra_menu_active_style":"style-2","zakra_page_header":false,"footnotes":""},"class_list":["post-2239","page","type-page","status-publish","hentry"],"_links":{"self":[{"href":"https:\/\/guarinos83.fr\/index.php?rest_route=\/wp\/v2\/pages\/2239","targetHints":{"allow":["GET"]}}],"collection":[{"href":"https:\/\/guarinos83.fr\/index.php?rest_route=\/wp\/v2\/pages"}],"about":[{"href":"https:\/\/guarinos83.fr\/index.php?rest_route=\/wp\/v2\/types\/page"}],"author":[{"embeddable":true,"href":"https:\/\/guarinos83.fr\/index.php?rest_route=\/wp\/v2\/users\/1"}],"replies":[{"embeddable":true,"href":"https:\/\/guarinos83.fr\/index.php?rest_route=%2Fwp%2Fv2%2Fcomments&post=2239"}],"version-history":[{"count":7,"href":"https:\/\/guarinos83.fr\/index.php?rest_route=\/wp\/v2\/pages\/2239\/revisions"}],"predecessor-version":[{"id":2356,"href":"https:\/\/guarinos83.fr\/index.php?rest_route=\/wp\/v2\/pages\/2239\/revisions\/2356"}],"wp:attachment":[{"href":"https:\/\/guarinos83.fr\/index.php?rest_route=%2Fwp%2Fv2%2Fmedia&parent=2239"}],"curies":[{"name":"wp","href":"https:\/\/api.w.org\/{rel}","templated":true}]}}