{"id":2219,"date":"2025-12-04T13:09:58","date_gmt":"2025-12-04T13:09:58","guid":{"rendered":"https:\/\/guarinos83.fr\/?page_id=2219"},"modified":"2026-01-14T12:05:08","modified_gmt":"2026-01-14T12:05:08","slug":"gestion-juridique","status":"publish","type":"page","link":"https:\/\/guarinos83.fr\/?page_id=2219","title":{"rendered":"Gestion Juridique"},"content":{"rendered":"\n<div class=\"blockart-section blockart-section-741c1c3f\"><div class=\"blockart-container\"><div class=\"blockart-section-inner\">\n<div class=\"blockart-column blockart-column-dfa722f2\"><div class=\"blockart-column-inner\">\n<h6 class=\"blockart-heading blockart-heading-9a029d20\"><strong>Gestion juridique : s\u00e9curiser et structurer votre entreprise<\/strong><br><br><\/h6>\n\n\n\n<p class=\"blockart-paragraph blockart-paragraph-b2509ed8\">Notre mission ne se limite pas \u00e0 la tenue des comptes : nous vous accompagnons \u00e9galement sur tous les aspects juridiques de votre entreprise. De la cr\u00e9ation et du choix du statut juridique \u00e0 la r\u00e9daction et la s\u00e9curisation de vos contrats et actes, nous veillons \u00e0 ce que vos d\u00e9cisions soient conformes \u00e0 la l\u00e9gislation en vigueur. Nous vous aiderons \u00e9galement \u00e0 anticiper les risques juridiques et \u00e0 g\u00e9rer les situations complexes, afin de prot\u00e9ger votre entreprise et d\u2019assurer sa p\u00e9rennit\u00e9.<br><br><strong>Nos missions\u00a0:<\/strong><\/p>\n\n\n\n<ul style=\"font-size:18px\" class=\"wp-block-list\">\n<li>Choix de la forme juridique la plus adapt\u00e9e (SARL, SAS, SA, auto-entrepreneur\u2026).<\/li>\n\n\n\n<li>Conseils sur l\u2019organisation du capital et la r\u00e9partition des pouvoirs.<\/li>\n\n\n\n<li>Pr\u00e9vention et accompagnement des entreprises en difficult\u00e9.<\/li>\n\n\n\n<li>Assistance dans les d\u00e9marches amiables ou judiciaires (en lien avec un avocat si n\u00e9cessaire).<\/li>\n\n\n\n<li>Secretariat juridique.<\/li>\n\n\n\n<li>R\u00e9daction des assembl\u00e9es g\u00e9n\u00e9rales.<\/li>\n\n\n\n<li>Distribution de dividende.<\/li>\n\n\n\n<li>Modification statutaire.<\/li>\n\n\n\n<li>Immatriculation.<\/li>\n\n\n\n<li>Liquidation, dissolution.<\/li>\n<\/ul>\n<\/div><\/div>\n<\/div><\/div><\/div>\n","protected":false},"excerpt":{"rendered":"","protected":false},"author":1,"featured_media":0,"parent":0,"menu_order":0,"comment_status":"closed","ping_status":"closed","template":"","meta":{"zakra_sidebar_layout":"customizer","zakra_remove_content_margin":false,"zakra_sidebar":"customizer","zakra_transparent_header":"0","zakra_logo":0,"zakra_main_header_style":"default","zakra_menu_item_color":"#ffffff","zakra_menu_item_hover_color":"","zakra_menu_item_active_color":"","zakra_menu_active_style":"style-2","zakra_page_header":false,"footnotes":""},"class_list":["post-2219","page","type-page","status-publish","hentry"],"_links":{"self":[{"href":"https:\/\/guarinos83.fr\/index.php?rest_route=\/wp\/v2\/pages\/2219","targetHints":{"allow":["GET"]}}],"collection":[{"href":"https:\/\/guarinos83.fr\/index.php?rest_route=\/wp\/v2\/pages"}],"about":[{"href":"https:\/\/guarinos83.fr\/index.php?rest_route=\/wp\/v2\/types\/page"}],"author":[{"embeddable":true,"href":"https:\/\/guarinos83.fr\/index.php?rest_route=\/wp\/v2\/users\/1"}],"replies":[{"embeddable":true,"href":"https:\/\/guarinos83.fr\/index.php?rest_route=%2Fwp%2Fv2%2Fcomments&post=2219"}],"version-history":[{"count":15,"href":"https:\/\/guarinos83.fr\/index.php?rest_route=\/wp\/v2\/pages\/2219\/revisions"}],"predecessor-version":[{"id":2353,"href":"https:\/\/guarinos83.fr\/index.php?rest_route=\/wp\/v2\/pages\/2219\/revisions\/2353"}],"wp:attachment":[{"href":"https:\/\/guarinos83.fr\/index.php?rest_route=%2Fwp%2Fv2%2Fmedia&parent=2219"}],"curies":[{"name":"wp","href":"https:\/\/api.w.org\/{rel}","templated":true}]}}