{"id":2210,"date":"2025-12-04T13:02:00","date_gmt":"2025-12-04T13:02:00","guid":{"rendered":"https:\/\/guarinos83.fr\/?page_id=2210"},"modified":"2026-01-14T12:04:51","modified_gmt":"2026-01-14T12:04:51","slug":"expertises-comptable-4","status":"publish","type":"page","link":"https:\/\/guarinos83.fr\/?page_id=2210","title":{"rendered":"Conseil en gestion: au coeur de notre accompagnement"},"content":{"rendered":"\n<div class=\"blockart-section blockart-section-741c1c3f\"><div class=\"blockart-container\"><div class=\"blockart-section-inner\">\n<div class=\"blockart-column blockart-column-dfa722f2\"><div class=\"blockart-column-inner\">\n<h6 class=\"blockart-heading blockart-heading-9a029d20\"><strong><strong>Le Conseil : un accompagnement strat\u00e9gique au c\u0153ur de nos services<\/strong><\/strong><\/h6>\n\n\n\n<p class=\"blockart-paragraph blockart-paragraph-b2509ed8\">Dans notre cabinet, le conseil est bien plus qu\u2019un service : c\u2019est un engagement \u00e0 vos c\u00f4t\u00e9s pour s\u00e9curiser et optimiser la gestion de votre entreprise. Nous vous aidons \u00e0 piloter efficacement vos finances, \u00e0 anticiper les d\u00e9fis gr\u00e2ce \u00e0 des d\u00e9cisions strat\u00e9giques \u00e9clair\u00e9es. Notre objectif est de transformer vos chiffres en v\u00e9ritables outils, afin d\u2019assurer la croissance et la p\u00e9rennit\u00e9 de votre activit\u00e9 sur le long terme.<br><br><strong>Nos missions :<\/strong><\/p>\n\n\n\n<ul style=\"font-size:18px\" class=\"wp-block-list\">\n<li>\u00c9laboration et mise en \u0153uvre de tableaux de bord r\u00e9guliers pour vous informer de l\u2019avancement de votre entreprise et ainsi vous s\u00e9curiser dans vos d\u00e9cisions.<\/li>\n\n\n\n<li>Nous accompagnons des entreprises en difficult\u00e9s (pr\u00e9vention, mandat ad \u2019hoc, conciliation).<\/li>\n\n\n\n<li>Conseil dans l\u2019efficacit\u00e9 patrimoniale.<\/li>\n<\/ul>\n<\/div><\/div>\n<\/div><\/div><\/div>\n","protected":false},"excerpt":{"rendered":"","protected":false},"author":1,"featured_media":0,"parent":0,"menu_order":0,"comment_status":"closed","ping_status":"closed","template":"","meta":{"zakra_sidebar_layout":"customizer","zakra_remove_content_margin":false,"zakra_sidebar":"customizer","zakra_transparent_header":"0","zakra_logo":0,"zakra_main_header_style":"default","zakra_menu_item_color":"#ffffff","zakra_menu_item_hover_color":"","zakra_menu_item_active_color":"","zakra_menu_active_style":"style-2","zakra_page_header":false,"footnotes":""},"class_list":["post-2210","page","type-page","status-publish","hentry"],"_links":{"self":[{"href":"https:\/\/guarinos83.fr\/index.php?rest_route=\/wp\/v2\/pages\/2210","targetHints":{"allow":["GET"]}}],"collection":[{"href":"https:\/\/guarinos83.fr\/index.php?rest_route=\/wp\/v2\/pages"}],"about":[{"href":"https:\/\/guarinos83.fr\/index.php?rest_route=\/wp\/v2\/types\/page"}],"author":[{"embeddable":true,"href":"https:\/\/guarinos83.fr\/index.php?rest_route=\/wp\/v2\/users\/1"}],"replies":[{"embeddable":true,"href":"https:\/\/guarinos83.fr\/index.php?rest_route=%2Fwp%2Fv2%2Fcomments&post=2210"}],"version-history":[{"count":11,"href":"https:\/\/guarinos83.fr\/index.php?rest_route=\/wp\/v2\/pages\/2210\/revisions"}],"predecessor-version":[{"id":2352,"href":"https:\/\/guarinos83.fr\/index.php?rest_route=\/wp\/v2\/pages\/2210\/revisions\/2352"}],"wp:attachment":[{"href":"https:\/\/guarinos83.fr\/index.php?rest_route=%2Fwp%2Fv2%2Fmedia&parent=2210"}],"curies":[{"name":"wp","href":"https:\/\/api.w.org\/{rel}","templated":true}]}}