{"id":2131,"date":"2025-12-01T14:18:25","date_gmt":"2025-12-01T14:18:25","guid":{"rendered":"https:\/\/guarinos83.fr\/?page_id=2131"},"modified":"2025-12-06T14:44:45","modified_gmt":"2025-12-06T14:44:45","slug":"restauration-2","status":"publish","type":"page","link":"https:\/\/guarinos83.fr\/?page_id=2131","title":{"rendered":"Restauration"},"content":{"rendered":"\n<div class=\"blockart-section blockart-section-77edf41f\"><div class=\"blockart-container\"><div class=\"blockart-section-inner\">\n<div class=\"blockart-column blockart-column-8278d646\"><div class=\"blockart-column-inner\">\n<h2 class=\"blockart-heading blockart-heading-2047ad70 is-small\"><strong>EXPERTISE ET CONSEIL POUR LA RESTAURATION<\/strong><\/h2>\n\n\n\n<p style=\"font-size:16px\"><br>Le secteur de la restauration pr\u00e9sente des particularit\u00e9s : forte rotation des clients, gestion des stocks p\u00e9rissables, fluctuations saisonni\u00e8res et charges de personnel importantes. Nous accompagnons les restaurateurs dans les diff\u00e9rents aspects de leur profession.<\/p>\n\n\n\n<p style=\"font-size:16px\">Nous vous aidons \u00e0 suivre vos ventes, ma\u00eetriser vos co\u00fbts mati\u00e8res et charges de personnel, et optimiser vos marges. En combinant expertise comptable et conseil, nous vous permettons de piloter votre activit\u00e9 avec pr\u00e9cision, de prendre des d\u00e9cisions \u00e9clair\u00e9es et d\u2019assurer la croissance et la p\u00e9rennit\u00e9 de votre \u00e9tablissement.<\/p>\n\n\n\n<div class=\"blockart-buttons blockart-buttons-88ca8b59 is-wrap is-horizontal justify-left justify-left-sm\"><\/div>\n<\/div><\/div>\n\n\n\n<div class=\"blockart-column blockart-column-5d130460\"><div class=\"blockart-column-inner justify-center\">\n<figure class=\"blockart-image blockart-image-96d59b36\"><img loading=\"lazy\" decoding=\"async\" width=\"2560\" height=\"1707\" class=\"wp-image-2132 hover-effect-static filter-none mask mask-none\" src=\"https:\/\/guarinos83.fr\/wp-content\/uploads\/2025\/12\/restaurant72-scaled.jpg\" alt=\"\" srcset=\"https:\/\/guarinos83.fr\/wp-content\/uploads\/2025\/12\/restaurant72-scaled.jpg 2560w, https:\/\/guarinos83.fr\/wp-content\/uploads\/2025\/12\/restaurant72-300x200.jpg 300w, https:\/\/guarinos83.fr\/wp-content\/uploads\/2025\/12\/restaurant72-1024x683.jpg 1024w, https:\/\/guarinos83.fr\/wp-content\/uploads\/2025\/12\/restaurant72-768x512.jpg 768w, https:\/\/guarinos83.fr\/wp-content\/uploads\/2025\/12\/restaurant72-1536x1024.jpg 1536w, https:\/\/guarinos83.fr\/wp-content\/uploads\/2025\/12\/restaurant72-2048x1365.jpg 2048w\" sizes=\"auto, (max-width: 2560px) 100vw, 2560px\" \/><\/figure>\n<\/div><\/div>\n<\/div><\/div><\/div>\n","protected":false},"excerpt":{"rendered":"","protected":false},"author":1,"featured_media":0,"parent":0,"menu_order":0,"comment_status":"closed","ping_status":"closed","template":"","meta":{"zakra_sidebar_layout":"customizer","zakra_remove_content_margin":false,"zakra_sidebar":"customizer","zakra_transparent_header":"0","zakra_logo":0,"zakra_main_header_style":"default","zakra_menu_item_color":"","zakra_menu_item_hover_color":"","zakra_menu_item_active_color":"","zakra_menu_active_style":"style-2","zakra_page_header":false,"footnotes":""},"class_list":["post-2131","page","type-page","status-publish","hentry"],"_links":{"self":[{"href":"https:\/\/guarinos83.fr\/index.php?rest_route=\/wp\/v2\/pages\/2131","targetHints":{"allow":["GET"]}}],"collection":[{"href":"https:\/\/guarinos83.fr\/index.php?rest_route=\/wp\/v2\/pages"}],"about":[{"href":"https:\/\/guarinos83.fr\/index.php?rest_route=\/wp\/v2\/types\/page"}],"author":[{"embeddable":true,"href":"https:\/\/guarinos83.fr\/index.php?rest_route=\/wp\/v2\/users\/1"}],"replies":[{"embeddable":true,"href":"https:\/\/guarinos83.fr\/index.php?rest_route=%2Fwp%2Fv2%2Fcomments&post=2131"}],"version-history":[{"count":10,"href":"https:\/\/guarinos83.fr\/index.php?rest_route=\/wp\/v2\/pages\/2131\/revisions"}],"predecessor-version":[{"id":2308,"href":"https:\/\/guarinos83.fr\/index.php?rest_route=\/wp\/v2\/pages\/2131\/revisions\/2308"}],"wp:attachment":[{"href":"https:\/\/guarinos83.fr\/index.php?rest_route=%2Fwp%2Fv2%2Fmedia&parent=2131"}],"curies":[{"name":"wp","href":"https:\/\/api.w.org\/{rel}","templated":true}]}}