{"id":2121,"date":"2025-12-01T14:11:32","date_gmt":"2025-12-01T14:11:32","guid":{"rendered":"https:\/\/guarinos83.fr\/?page_id=2121"},"modified":"2025-12-04T15:09:27","modified_gmt":"2025-12-04T15:09:27","slug":"secteur-btp-2","status":"publish","type":"page","link":"https:\/\/guarinos83.fr\/?page_id=2121","title":{"rendered":"Secteur BTP"},"content":{"rendered":"\n<div class=\"blockart-section blockart-section-77edf41f\"><div class=\"blockart-container\"><div class=\"blockart-section-inner\">\n<div class=\"blockart-column blockart-column-8278d646\"><div class=\"blockart-column-inner\">\n<h2 class=\"blockart-heading blockart-heading-2047ad70 is-small\"><strong>EXPERTISE ET CONSEIL POUR LE SECTEUR BTP<\/strong><\/h2>\n\n\n\n<p style=\"font-size:16px\"><br>Le BTP est un secteur aux contraintes sp\u00e9cifiques : suivi des chantiers, facturation d\u2019avancement, sous-traitance, acomptes clients et obligations sociales propres aux salari\u00e9s de chantier. Nous accompagnons les entreprises du BTP dans la tenue de leur comptabilit\u00e9, l\u2019\u00e9tablissement de leurs comptes annuels.<\/p>\n\n\n\n<p style=\"font-size:16px\">Nous vous aidons \u00e0 suivre pr\u00e9cis\u00e9ment vos co\u00fbts, ma\u00eetriser vos marges et anticiper vos besoins en tr\u00e9sorerie par des tableaux de bord trimestriels. En plus de l\u2019expertise comptable, nous vous proposons un accompagnement strat\u00e9gique pour optimiser vos d\u00e9cisions et garantir la p\u00e9rennit\u00e9 de votre entreprise.<\/p>\n\n\n\n<div class=\"blockart-buttons blockart-buttons-88ca8b59 is-wrap is-horizontal justify-left justify-left-sm\"><\/div>\n<\/div><\/div>\n\n\n\n<div class=\"blockart-column blockart-column-5d130460\"><div class=\"blockart-column-inner justify-center\">\n<figure class=\"blockart-image blockart-image-96d59b36\"><img loading=\"lazy\" decoding=\"async\" width=\"825\" height=\"410\" class=\"wp-image-2122 hover-effect-static filter-none mask mask-none\" src=\"https:\/\/guarinos83.fr\/wp-content\/uploads\/2025\/12\/BTP72.jpg\" alt=\"\" srcset=\"https:\/\/guarinos83.fr\/wp-content\/uploads\/2025\/12\/BTP72.jpg 825w, https:\/\/guarinos83.fr\/wp-content\/uploads\/2025\/12\/BTP72-300x149.jpg 300w, https:\/\/guarinos83.fr\/wp-content\/uploads\/2025\/12\/BTP72-768x382.jpg 768w\" sizes=\"auto, (max-width: 825px) 100vw, 825px\" \/><\/figure>\n<\/div><\/div>\n<\/div><\/div><\/div>\n","protected":false},"excerpt":{"rendered":"","protected":false},"author":1,"featured_media":0,"parent":0,"menu_order":0,"comment_status":"closed","ping_status":"closed","template":"","meta":{"zakra_sidebar_layout":"customizer","zakra_remove_content_margin":false,"zakra_sidebar":"customizer","zakra_transparent_header":"0","zakra_logo":0,"zakra_main_header_style":"default","zakra_menu_item_color":"","zakra_menu_item_hover_color":"","zakra_menu_item_active_color":"","zakra_menu_active_style":"style-2","zakra_page_header":false,"footnotes":""},"class_list":["post-2121","page","type-page","status-publish","hentry"],"_links":{"self":[{"href":"https:\/\/guarinos83.fr\/index.php?rest_route=\/wp\/v2\/pages\/2121","targetHints":{"allow":["GET"]}}],"collection":[{"href":"https:\/\/guarinos83.fr\/index.php?rest_route=\/wp\/v2\/pages"}],"about":[{"href":"https:\/\/guarinos83.fr\/index.php?rest_route=\/wp\/v2\/types\/page"}],"author":[{"embeddable":true,"href":"https:\/\/guarinos83.fr\/index.php?rest_route=\/wp\/v2\/users\/1"}],"replies":[{"embeddable":true,"href":"https:\/\/guarinos83.fr\/index.php?rest_route=%2Fwp%2Fv2%2Fcomments&post=2121"}],"version-history":[{"count":11,"href":"https:\/\/guarinos83.fr\/index.php?rest_route=\/wp\/v2\/pages\/2121\/revisions"}],"predecessor-version":[{"id":2296,"href":"https:\/\/guarinos83.fr\/index.php?rest_route=\/wp\/v2\/pages\/2121\/revisions\/2296"}],"wp:attachment":[{"href":"https:\/\/guarinos83.fr\/index.php?rest_route=%2Fwp%2Fv2%2Fmedia&parent=2121"}],"curies":[{"name":"wp","href":"https:\/\/api.w.org\/{rel}","templated":true}]}}