{"id":1293,"date":"2025-04-28T10:49:22","date_gmt":"2025-04-28T10:49:22","guid":{"rendered":"https:\/\/guarinos83.fr\/?page_id=1293"},"modified":"2026-01-16T11:13:44","modified_gmt":"2026-01-16T11:13:44","slug":"contact","status":"publish","type":"page","link":"https:\/\/guarinos83.fr\/?page_id=1293","title":{"rendered":"Contact"},"content":{"rendered":"\n<div class=\"blockart-section blockart-section-6359308a\"><div class=\"blockart-container\"><div class=\"blockart-section-inner\">\n<div class=\"blockart-column blockart-column-bcbfa173\"><div class=\"blockart-column-inner\">\n\n\n<h2 class=\"blockart-heading blockart-heading-823ed107\">Nos partenaires<\/h2>\n\n\n\n<p class=\"has-text-align-center\" style=\"margin-right:64px;margin-left:64px\">Nous collaborons avec des partenaires de confiance pour vous offrir des solutions compl\u00e8tes et performantes, adapt\u00e9es \u00e0 vos besoins.<\/p>\n<\/div><\/div>\n\n\n\n<div class=\"blockart-column blockart-column-28e5a6c4\"><div class=\"blockart-column-inner\">\n<div style=\"display:flex; justify-content:center; text-align: center;\">\n<div style=\"display:flex; flex-direction:column\">\n<h2 style=\"color: #15446b; font-size: 20px\"> NOUS CONTACTER <\/h2>\n<p> Nous vous accompagnons dans chacun de vos besoins <\/p>\n<div>\n<div style=\"margin-bottom: 25px;\">\n<a href=\"mailto:guarinos.p@wanadoo.fr\" style=\"margin-right: 70px\">\n    <i class=\"fa fa-envelope\"><\/i> guarinos.p@wanadoo.fr\n<\/a>\n\n<a href=\"tel:0494946960\"><i class=\"fa fa-phone\"><\/i> 04 94 94 69 60<\/a>\n<\/div>\n<p style=\"font-size: 16px\"> Adresse\u00a0: IMMEUBLE LE MONT D&rsquo;OR B <br>217 AVENUE DE LA VICTOIRE DU 8 MAI 1945 <br> 83000 TOULON <\/p>\n<p>Heures d\u2019ouverture\u00a0: du lundi au vendredi, 8h30 \u00e0 12h00 et 14h00 \u00e0 17h30 <\/p>\n<div>\n<\/div><\/div>\n\n\n\n<div class=\"blockart-buttons blockart-buttons-2dfe974b is-wrap\"><\/div>\n<\/div><\/div><\/div>\n\n\n\n<div class=\"wp-block-columns is-layout-flex wp-container-core-columns-is-layout-aa6f308a wp-block-columns-is-layout-flex\" style=\"margin-top:64px;padding-right:64px;padding-left:64px\">\n<div class=\"wp-block-column is-layout-flow wp-block-column-is-layout-flow\">\n<div class=\"wp-block-columns is-layout-flex wp-container-core-columns-is-layout-28f84493 wp-block-columns-is-layout-flex\">\n<div class=\"wp-block-column is-layout-flow wp-block-column-is-layout-flow\">\n<p class=\"has-text-align-center has-background\" style=\"border-radius:3px;background-color:#ccecf6;padding-top:20px;padding-right:9px;padding-bottom:20px;padding-left:9px;font-size:15px\">Avocats de droit social<\/p>\n<\/div>\n\n\n\n<div class=\"wp-block-column is-layout-flow wp-block-column-is-layout-flow\">\n<p class=\"has-text-align-center has-background\" style=\"border-radius:3px;background-color:#ccecf6;padding-top:20px;padding-right:9px;padding-bottom:20px;padding-left:9px;font-size:15px\">Avocats en droit administratif <\/p>\n<\/div>\n<\/div>\n\n\n\n<div class=\"wp-block-columns is-layout-flex wp-container-core-columns-is-layout-28f84493 wp-block-columns-is-layout-flex\">\n<div class=\"wp-block-column is-layout-flow wp-block-column-is-layout-flow\">\n<p class=\"has-text-align-center has-background\" style=\"border-radius:3px;background-color:#ccecf6;padding-top:20px;padding-right:9px;padding-bottom:20px;padding-left:9px;font-size:15px\">Avocats de droit social<\/p>\n<\/div>\n\n\n\n<div class=\"wp-block-column is-layout-flow wp-block-column-is-layout-flow\">\n<p class=\"has-text-align-center has-background\" style=\"border-radius:3px;background-color:#ccecf6;padding-top:20px;padding-right:9px;padding-bottom:20px;padding-left:9px;font-size:15px\">Avocats fiscalistes<\/p>\n<\/div>\n<\/div>\n<\/div>\n<\/div>\n\n\n\n<p><\/p>\n","protected":false},"excerpt":{"rendered":"<p>Avocats de droit social Avocats en droit administratif Avocats de droit social Avocats fiscalistes<\/p>\n","protected":false},"author":1,"featured_media":0,"parent":0,"menu_order":0,"comment_status":"closed","ping_status":"closed","template":"page-templates\/pagebuilder.php","meta":{"zakra_sidebar_layout":"customizer","zakra_remove_content_margin":false,"zakra_sidebar":"customizer","zakra_transparent_header":"0","zakra_logo":0,"zakra_main_header_style":"default","zakra_menu_item_color":"","zakra_menu_item_hover_color":"","zakra_menu_item_active_color":"","zakra_menu_active_style":"style-2","zakra_page_header":false,"footnotes":""},"class_list":["post-1293","page","type-page","status-publish","hentry"],"_links":{"self":[{"href":"https:\/\/guarinos83.fr\/index.php?rest_route=\/wp\/v2\/pages\/1293","targetHints":{"allow":["GET"]}}],"collection":[{"href":"https:\/\/guarinos83.fr\/index.php?rest_route=\/wp\/v2\/pages"}],"about":[{"href":"https:\/\/guarinos83.fr\/index.php?rest_route=\/wp\/v2\/types\/page"}],"author":[{"embeddable":true,"href":"https:\/\/guarinos83.fr\/index.php?rest_route=\/wp\/v2\/users\/1"}],"replies":[{"embeddable":true,"href":"https:\/\/guarinos83.fr\/index.php?rest_route=%2Fwp%2Fv2%2Fcomments&post=1293"}],"version-history":[{"count":73,"href":"https:\/\/guarinos83.fr\/index.php?rest_route=\/wp\/v2\/pages\/1293\/revisions"}],"predecessor-version":[{"id":2361,"href":"https:\/\/guarinos83.fr\/index.php?rest_route=\/wp\/v2\/pages\/1293\/revisions\/2361"}],"wp:attachment":[{"href":"https:\/\/guarinos83.fr\/index.php?rest_route=%2Fwp%2Fv2%2Fmedia&parent=1293"}],"curies":[{"name":"wp","href":"https:\/\/api.w.org\/{rel}","templated":true}]}}