{"id":1264,"date":"2025-04-28T10:36:43","date_gmt":"2025-04-28T10:36:43","guid":{"rendered":"https:\/\/guarinos83.fr\/?page_id=1264"},"modified":"2026-01-14T12:04:29","modified_gmt":"2026-01-14T12:04:29","slug":"expertises-comptable","status":"publish","type":"page","link":"https:\/\/guarinos83.fr\/?page_id=1264","title":{"rendered":"Expertises Comptable"},"content":{"rendered":"\n<div class=\"blockart-section blockart-section-741c1c3f\"><div class=\"blockart-container\"><div class=\"blockart-section-inner\">\n<div class=\"blockart-column blockart-column-dfa722f2\"><div class=\"blockart-column-inner\">\n<h6 class=\"blockart-heading blockart-heading-9a029d20\"><strong>L\u2019expertise comptable : c\u0153ur de m\u00e9tier du cabinet<\/strong><\/h6>\n\n\n\n<p class=\"blockart-paragraph blockart-paragraph-b2509ed8\">Bien plus que des obligations, un v\u00e9ritable outil de pilotage. Tenir une comptabilit\u00e9 rigoureuse, \u00e9tablir les comptes annuels, effectuer les d\u00e9clarations fiscales\u2026 Ces obligations l\u00e9gales sont essentielles, mais notre mission va bien au-del\u00e0. Confier la gestion comptable de votre entreprise \u00e0 notre cabinet, c\u2019est choisir un partenaire de confiance, engag\u00e9 \u00e0 vos c\u00f4t\u00e9s pour \u00e9tudier vos chiffres et les transformer en d\u00e9cisions \u00e9clair\u00e9es. Parce que nous connaissons parfaitement votre secteur et votre entreprise, nous vous apportons des conseils concrets, adapt\u00e9s \u00e0 votre r\u00e9alit\u00e9. Chez nous, les comptes annuels ne sont pas une simple formalit\u00e9 : ils deviennent une base solide pour piloter votre activit\u00e9, anticiper, et d\u00e9velopper votre entreprise dans la s\u00e9r\u00e9nit\u00e9. Notre \u00e9quipe exp\u00e9riment\u00e9e vous accompagne tout au long de l\u2019ann\u00e9e, vous explique vos chiffres, vous aide \u00e0 comprendre vos marges, votre rentabilit\u00e9, vos points d\u2019am\u00e9lioration. Vous ne serez jamais seul face \u00e0 vos d\u00e9cisions: nous sommes l\u00e0 pour vous guider.<br><br><strong>Nos missions :<\/strong><\/p>\n\n\n\n<ul style=\"font-size:18px\" class=\"wp-block-list\">\n<li> \u00c9laboration et mise en \u0153uvre de tableaux de bord r\u00e9guliers pour vous informer de l\u2019avancement de votre entreprise et ainsi vous s\u00e9curiser dans vos d\u00e9cisions.<\/li>\n\n\n\n<li>Etablissement de vos comptes annuels.<\/li>\n\n\n\n<li>Assistance et conseil en mati\u00e8re fiscale.<\/li>\n\n\n\n<li>Accompagnement des entreprises en difficult\u00e9 (pr\u00e9vention, mandat ad \u2019hoc, conciliation).<\/li>\n\n\n\n<li>Conseil et optimisation de votre gestion comptable et administrative.<\/li>\n\n\n\n<li>Pr\u00e9visions multiples sur diff\u00e9rentes op\u00e9rations (acquisition, cession, etc.).<\/li>\n<\/ul>\n<\/div><\/div>\n<\/div><\/div><\/div>\n","protected":false},"excerpt":{"rendered":"","protected":false},"author":1,"featured_media":0,"parent":0,"menu_order":0,"comment_status":"closed","ping_status":"closed","template":"","meta":{"zakra_sidebar_layout":"customizer","zakra_remove_content_margin":false,"zakra_sidebar":"customizer","zakra_transparent_header":"0","zakra_logo":0,"zakra_main_header_style":"default","zakra_menu_item_color":"#ffffff","zakra_menu_item_hover_color":"","zakra_menu_item_active_color":"","zakra_menu_active_style":"style-2","zakra_page_header":false,"footnotes":""},"class_list":["post-1264","page","type-page","status-publish","hentry"],"_links":{"self":[{"href":"https:\/\/guarinos83.fr\/index.php?rest_route=\/wp\/v2\/pages\/1264","targetHints":{"allow":["GET"]}}],"collection":[{"href":"https:\/\/guarinos83.fr\/index.php?rest_route=\/wp\/v2\/pages"}],"about":[{"href":"https:\/\/guarinos83.fr\/index.php?rest_route=\/wp\/v2\/types\/page"}],"author":[{"embeddable":true,"href":"https:\/\/guarinos83.fr\/index.php?rest_route=\/wp\/v2\/users\/1"}],"replies":[{"embeddable":true,"href":"https:\/\/guarinos83.fr\/index.php?rest_route=%2Fwp%2Fv2%2Fcomments&post=1264"}],"version-history":[{"count":55,"href":"https:\/\/guarinos83.fr\/index.php?rest_route=\/wp\/v2\/pages\/1264\/revisions"}],"predecessor-version":[{"id":2351,"href":"https:\/\/guarinos83.fr\/index.php?rest_route=\/wp\/v2\/pages\/1264\/revisions\/2351"}],"wp:attachment":[{"href":"https:\/\/guarinos83.fr\/index.php?rest_route=%2Fwp%2Fv2%2Fmedia&parent=1264"}],"curies":[{"name":"wp","href":"https:\/\/api.w.org\/{rel}","templated":true}]}}